{"id":2307,"date":"2026-05-02T23:28:26","date_gmt":"2026-05-02T23:28:26","guid":{"rendered":"https:\/\/consultanova.online\/panela\/?post_type=product&#038;p=2307"},"modified":"2026-05-03T03:25:31","modified_gmt":"2026-05-03T03:25:31","slug":"jogo-de-panelas-tramontina-turim-em-aluminio-com-revestimento-interno-e-externo-em-antiaderente-starflon-max-chumbo-7-pecas","status":"publish","type":"product","link":"https:\/\/consultanova.online\/panela\/produto\/jogo-de-panelas-tramontina-turim-em-aluminio-com-revestimento-interno-e-externo-em-antiaderente-starflon-max-chumbo-7-pecas\/","title":{"rendered":"Jogo de Panelas Tramontina Turim em Alum\u00ednio com Revestimento Interno e Externo em Antiaderente Starflon Max Chumbo 7 Pe\u00e7as"},"content":{"rendered":"\t\t<div data-elementor-type=\"wp-post\" data-elementor-id=\"2307\" class=\"elementor elementor-2307\">\n\t\t\t\t<div class=\"elementor-element elementor-element-e3e93e5 e-con-full e-flex wpr-particle-no wpr-jarallax-no wpr-parallax-no wpr-sticky-section-no wpr-equal-height-no e-con e-parent\" data-id=\"e3e93e5\" data-element_type=\"container\" data-e-type=\"container\">\n\t\t\t\t<div class=\"elementor-element elementor-element-69cc2ba elementor-widget elementor-widget-text-editor\" data-id=\"69cc2ba\" data-element_type=\"widget\" data-e-type=\"widget\" data-widget_type=\"text-editor.default\">\n\t\t\t\t<div class=\"elementor-widget-container\">\n\t\t\t\t\t\t\t\t\t<div class=\"b2b-product-specifics\"><div class=\"product-specifics-layout\"><div class=\"product-details-section\"><div class=\"b2b-product-information\" data-expanded=\"false\"><div class=\"headline\"><h3 class=\"heading dxp-text-heading-medium\">Detalhes do produto<\/h3><\/div><div class=\"content\"><div class=\"custom-text-overflow\"><div class=\"custom-text-box\" data-overflow=\"true\" data-expanded=\"true\"><p class=\"custom-text\">Leve o jogo de panelas Tramontina Turim em alum\u00ednio com revestimento interno e externo em antiaderente Starflon Max vermelho 7 pe\u00e7as para o seu dia a dia e garanta maior praticidade para o preparo das suas refei\u00e7\u00f5es. Produzido em alum\u00ednio com revestimento interno e externo em antiaderente Starflon Max, as pe\u00e7as garantem o cozimento r\u00e1pido e uniforme dos alimentos, evitam que eles grudem em sua superf\u00edcie, s\u00e3o muito f\u00e1ceis de limpar e mais dur\u00e1veis. Os cabos e al\u00e7as s\u00e3o em material antit\u00e9rmico e n\u00e3o aquecem, o que garante um manuseio muito mais seguro e confort\u00e1vel. Um jogo pr\u00e1tico, que pode ir \u00e0 m\u00e1quina de lavar lou\u00e7as e que acompanha tampas de vidro temperado com bordas de a\u00e7o inox que facilitam o preparo das suas receitas!<\/p><\/div><\/div><\/div><\/div><div class=\"b2b-product-information\" data-expanded=\"false\"><div class=\"headline\"><h3 class=\"heading dxp-text-heading-medium\">Informa\u00e7\u00f5es Gerais<\/h3><\/div><div class=\"content\"><div class=\"custom-text-overflow\"><div class=\"custom-text-box\" data-overflow=\"true\" data-expanded=\"true\"><p class=\"custom-text\">Corpo de alum\u00ednio com espessura que proporciona cozimento r\u00e1pido e uniforme. Revestimento interno e externo de antiaderente Starflon Max que n\u00e3o gruda, \u00e9 f\u00e1cil de limpar, mais dur\u00e1vel e n\u00e3o \u00e9 prejudicial \u00e0 sa\u00fade, pois \u00e9 livre de PFOA. Tampas de vidro temperado com bordas de a\u00e7o inox. Cabos, al\u00e7as de baquelite antit\u00e9rmico e pegadores de nylon que oferecem seguran\u00e7a durante o manuseio. Podem ir \u00e0 m\u00e1quina de lavar lou\u00e7as facilitando seu dia a dia. Pode ser utilizada nos fog\u00f5es: g\u00e1s, el\u00e9trico e vitrocer\u00e2mico &#8211; resist\u00eancia el\u00e9trica.<\/p><\/div><\/div><\/div><\/div><div class=\"b2b-product-information\" data-expanded=\"false\"><div class=\"headline\"><h3 class=\"heading dxp-text-heading-medium\">Recomenda\u00e7\u00f5es de uso<\/h3><\/div><div class=\"content\"><div class=\"custom-text-overflow\"><div class=\"custom-text-box\" data-overflow=\"true\" data-expanded=\"true\"><p class=\"custom-text\">Antes do primeiro uso, lave com esponja macia, sab\u00e3o neutro ou detergente l\u00edquido. Depois de secar, unte a \u00e1rea interna com \u00f3leo ou gordura e leve ao fogo por um ou dois minutos. Deixe esfriar e lave novamente. Seu utens\u00edlio Starflon est\u00e1 pronto para uso com ou sem gordura, sempre em fogo baixo ou m\u00e9dio (nunca superior a 260\u00baC). Para mexer os alimentos use somente utens\u00edlios de silicone, nylon ou madeira. Limpeza: Evite a imers\u00e3o do utens\u00edlio quente em \u00e1gua fria. Nunca utilize produtos abrasivos na lavagem. Se deixar queimar alimentos, umede\u00e7a a \u00e1rea e reserve at\u00e9 que possa remover os res\u00edduos grudados com esponja e sab\u00e3o. A capacidade volum\u00e9trica m\u00e1xima para cozimento \u00e9 de 3\/4 da capacidade total da pe\u00e7a. Posicione os cabos dos utens\u00edlios voltados ao centro do fog\u00e3o. Em fog\u00f5es com grade, centralize as pe\u00e7as sobre a chama ou fonte de calor e alinhe os cabos com a grade. Utens\u00edlios quentes devem estar fora do alcance das crian\u00e7as. Para descarte dos produtos e embalagem siga as orienta\u00e7\u00f5es de reciclagem vigentes.<\/p><\/div><p class=\"custom-text-toggle\">Ler menos<\/p><\/div><\/div><\/div><\/div><div class=\"product-specifics-section\"><div class=\"product-specifics-box\"><div class=\"product-specifics-headline\"><h3 class=\"heading dxp-text-heading-medium\">Especifica\u00e7\u00f5es<\/h3><\/div><div class=\"product-specification-box\"><div class=\"product-complement\"><p class=\"product-complement-label\" title=\"ALTURA\">ALTURA: 130 mm<\/p><\/div><div class=\"product-complement\"><p class=\"product-complement-label\" title=\"LARGURA\">LARGURA: 435 mm<\/p><\/div><div class=\"product-complement\"><p class=\"product-complement-label\" title=\"PESO\">PESO: 4.2000 kg<\/p><\/div><div class=\"product-complement\"><p class=\"product-complement-label\" title=\"COMPRIMENTO\">COMPRIMENTO: 730 mm<\/p><\/div><\/div><div class=\"product-specification-disclaimers\"><p>*Para produto unit\u00e1rio, estas especifica\u00e7\u00f5es s\u00e3o referentes ao produto.<\/p><p>*Para conjunto, kit ou jogo, estas especifica\u00e7\u00f5es s\u00e3o referentes \u00e0 embalagem.<\/p><\/div><\/div><\/div><\/div><\/div>\t\t\t\t\t\t\t\t<\/div>\n\t\t\t\t<\/div>\n\t\t\t\t<\/div>\n\t\t\t\t<\/div>\n\t\t","protected":false},"excerpt":{"rendered":"<p>Detalhes do produto Leve o jogo de panelas Tramontina Turim em alum\u00ednio com revestimento interno e externo em antiaderente Starflon Max vermelho 7 pe\u00e7as para o seu dia a dia e garanta maior praticidade para o preparo das suas refei\u00e7\u00f5es. Produzido em alum\u00ednio com revestimento interno e externo em antiaderente Starflon Max, as pe\u00e7as garantem o cozimento r\u00e1pido e uniforme dos alimentos, evitam que eles grudem em sua superf\u00edcie, s\u00e3o muito f\u00e1ceis de limpar e mais dur\u00e1veis. Os cabos e al\u00e7as s\u00e3o em material antit\u00e9rmico e n\u00e3o aquecem, o que garante um manuseio muito mais seguro e confort\u00e1vel. Um jogo pr\u00e1tico, que pode ir \u00e0 m\u00e1quina de lavar lou\u00e7as e que acompanha tampas de vidro temperado com bordas de a\u00e7o inox que facilitam o preparo das suas receitas! Informa\u00e7\u00f5es Gerais Corpo de alum\u00ednio com espessura que proporciona cozimento r\u00e1pido e uniforme. Revestimento interno e externo de antiaderente Starflon Max que n\u00e3o gruda, \u00e9 f\u00e1cil de limpar, mais dur\u00e1vel e n\u00e3o \u00e9 prejudicial \u00e0 sa\u00fade, pois \u00e9 livre de PFOA. Tampas de vidro temperado com bordas de a\u00e7o inox. Cabos, al\u00e7as de baquelite antit\u00e9rmico e pegadores de nylon que oferecem seguran\u00e7a durante o manuseio. Podem ir \u00e0 m\u00e1quina de lavar lou\u00e7as facilitando seu dia a dia. Pode ser utilizada nos fog\u00f5es: g\u00e1s, el\u00e9trico e vitrocer\u00e2mico &#8211; resist\u00eancia el\u00e9trica. Recomenda\u00e7\u00f5es de uso Antes do primeiro uso, lave com esponja macia, sab\u00e3o neutro ou detergente l\u00edquido. Depois de secar, unte a \u00e1rea interna com \u00f3leo ou gordura e leve ao fogo por um ou dois minutos. Deixe esfriar e lave novamente. Seu utens\u00edlio Starflon est\u00e1 pronto para uso com ou sem gordura, sempre em fogo baixo ou m\u00e9dio (nunca superior a 260\u00baC). Para mexer os alimentos use somente utens\u00edlios de silicone, nylon ou madeira. Limpeza: Evite a imers\u00e3o do utens\u00edlio quente em \u00e1gua fria. Nunca utilize produtos abrasivos na lavagem. Se deixar queimar alimentos, umede\u00e7a a \u00e1rea e reserve at\u00e9 que possa remover os res\u00edduos grudados com esponja e sab\u00e3o. A capacidade volum\u00e9trica m\u00e1xima para cozimento \u00e9 de 3\/4 da capacidade total da pe\u00e7a. Posicione os cabos dos utens\u00edlios voltados ao centro do fog\u00e3o. Em fog\u00f5es com grade, centralize as pe\u00e7as sobre a chama ou fonte de calor e alinhe os cabos com a grade. Utens\u00edlios quentes devem estar fora do alcance das crian\u00e7as. Para descarte dos produtos e embalagem siga as orienta\u00e7\u00f5es de reciclagem vigentes. Ler menos Especifica\u00e7\u00f5es ALTURA: 130 mm LARGURA: 435 mm PESO: 4.2000 kg COMPRIMENTO: 730 mm *Para produto unit\u00e1rio, estas especifica\u00e7\u00f5es s\u00e3o referentes ao produto. *Para conjunto, kit ou jogo, estas especifica\u00e7\u00f5es s\u00e3o referentes \u00e0 embalagem.<\/p>\n","protected":false},"featured_media":2311,"template":"","meta":[],"product_brand":[],"product_cat":[15],"product_tag":[85],"class_list":{"0":"post-2307","1":"product","2":"type-product","3":"status-publish","4":"has-post-thumbnail","6":"product_cat-sem-categoria","7":"product_tag-5189-unidades-resgatadas","9":"first","10":"instock","11":"sale","12":"shipping-taxable","13":"purchasable","14":"product-type-simple"},"acf":[],"_links":{"self":[{"href":"https:\/\/consultanova.online\/panela\/wp-json\/wp\/v2\/product\/2307","targetHints":{"allow":["GET"]}}],"collection":[{"href":"https:\/\/consultanova.online\/panela\/wp-json\/wp\/v2\/product"}],"about":[{"href":"https:\/\/consultanova.online\/panela\/wp-json\/wp\/v2\/types\/product"}],"version-history":[{"count":31,"href":"https:\/\/consultanova.online\/panela\/wp-json\/wp\/v2\/product\/2307\/revisions"}],"predecessor-version":[{"id":2349,"href":"https:\/\/consultanova.online\/panela\/wp-json\/wp\/v2\/product\/2307\/revisions\/2349"}],"wp:featuredmedia":[{"embeddable":true,"href":"https:\/\/consultanova.online\/panela\/wp-json\/wp\/v2\/media\/2311"}],"wp:attachment":[{"href":"https:\/\/consultanova.online\/panela\/wp-json\/wp\/v2\/media?parent=2307"}],"wp:term":[{"taxonomy":"product_brand","embeddable":true,"href":"https:\/\/consultanova.online\/panela\/wp-json\/wp\/v2\/product_brand?post=2307"},{"taxonomy":"product_cat","embeddable":true,"href":"https:\/\/consultanova.online\/panela\/wp-json\/wp\/v2\/product_cat?post=2307"},{"taxonomy":"product_tag","embeddable":true,"href":"https:\/\/consultanova.online\/panela\/wp-json\/wp\/v2\/product_tag?post=2307"}],"curies":[{"name":"wp","href":"https:\/\/api.w.org\/{rel}","templated":true}]}}