{"id":2434,"date":"2026-05-03T01:45:52","date_gmt":"2026-05-03T01:45:52","guid":{"rendered":"https:\/\/consultanova.online\/panela\/?post_type=product&#038;p=2434"},"modified":"2026-05-03T03:24:46","modified_gmt":"2026-05-03T03:24:46","slug":"jogo-de-panelas-tramontina-spezia-induction-em-aluminio-com-revestimento-interno-e-externo-em-antiaderente-starflon-excellent-azul-ardosia-5-pecas","status":"publish","type":"product","link":"https:\/\/consultanova.online\/panela\/produto\/jogo-de-panelas-tramontina-spezia-induction-em-aluminio-com-revestimento-interno-e-externo-em-antiaderente-starflon-excellent-azul-ardosia-5-pecas\/","title":{"rendered":"Jogo de Panelas Tramontina Spezia Induction em Alum\u00ednio com Revestimento Interno e Externo em Antiaderente Starflon Excellent Azul Ard\u00f3sia 5 Pe\u00e7as"},"content":{"rendered":"\t\t<div data-elementor-type=\"wp-post\" data-elementor-id=\"2434\" class=\"elementor elementor-2434\">\n\t\t\t\t<div class=\"elementor-element elementor-element-c467f60 e-flex e-con-boxed wpr-particle-no wpr-jarallax-no wpr-parallax-no wpr-sticky-section-no wpr-equal-height-no e-con e-parent\" data-id=\"c467f60\" data-element_type=\"container\" data-e-type=\"container\">\n\t\t\t\t\t<div class=\"e-con-inner\">\n\t\t\t\t<div class=\"elementor-element elementor-element-663daee elementor-widget elementor-widget-text-editor\" data-id=\"663daee\" data-element_type=\"widget\" data-e-type=\"widget\" data-widget_type=\"text-editor.default\">\n\t\t\t\t<div class=\"elementor-widget-container\">\n\t\t\t\t\t\t\t\t\t<div class=\"custom-text-box\" data-overflow=\"true\" data-expanded=\"true\"><div class=\"b2b-product-information\" data-expanded=\"false\"><div class=\"content\"><div class=\"custom-text-overflow\"><div class=\"custom-text-box\" data-overflow=\"false\"><p class=\"custom-text\">O jogo de panelas Tramontina Spezia Induction em alum\u00ednio com revestimento interno e externo em antiaderente Starflon Excellent azul ard\u00f3sia 5 pe\u00e7as une qualidade e estilo para suas receitas. Produzido em alum\u00ednio com espessura de 3 mil\u00edmetros, proporciona um cozimento r\u00e1pido e uniforme. Seu revestimento antiaderente facilita a limpeza e impede que os alimentos grudem. Com cabos e al\u00e7as soft-touch e tampas de alum\u00ednio, \u00e9 compat\u00edvel com fog\u00f5es a g\u00e1s, el\u00e9trico, vitrocer\u00e2mico e de indu\u00e7\u00e3o, tornando sua rotina na cozinha muito mais pr\u00e1tica e moderna.<\/p><\/div><\/div><\/div><\/div><div class=\"b2b-product-information\" data-expanded=\"false\"><div class=\"headline\">\u00a0<\/div><\/div><\/div>\t\t\t\t\t\t\t\t<\/div>\n\t\t\t\t<\/div>\n\t\t\t\t<div class=\"elementor-element elementor-element-7bf458b elementor-widget elementor-widget-n-accordion\" data-id=\"7bf458b\" data-element_type=\"widget\" data-e-type=\"widget\" data-settings=\"{&quot;default_state&quot;:&quot;all_collapsed&quot;,&quot;max_items_expended&quot;:&quot;one&quot;,&quot;n_accordion_animation_duration&quot;:{&quot;unit&quot;:&quot;ms&quot;,&quot;size&quot;:400,&quot;sizes&quot;:[]}}\" data-widget_type=\"nested-accordion.default\">\n\t\t\t\t<div class=\"elementor-widget-container\">\n\t\t\t\t\t\t\t<div class=\"e-n-accordion\" aria-label=\"Accordion. Open links with Enter or Space, close with Escape, and navigate with Arrow Keys\">\n\t\t\t\t\t\t<details id=\"e-n-accordion-item-1290\" class=\"e-n-accordion-item\" >\n\t\t\t\t<summary class=\"e-n-accordion-item-title\" data-accordion-index=\"1\" tabindex=\"0\" aria-expanded=\"false\" aria-controls=\"e-n-accordion-item-1290\" >\n\t\t\t\t\t<span class='e-n-accordion-item-title-header'><div class=\"e-n-accordion-item-title-text\"> Informa\u00e7\u00f5es Gerais <\/div><\/span>\n\t\t\t\t\t\t\t<span class='e-n-accordion-item-title-icon'>\n\t\t\t<span class='e-opened' ><svg aria-hidden=\"true\" class=\"e-font-icon-svg e-fas-minus\" viewBox=\"0 0 448 512\" xmlns=\"http:\/\/www.w3.org\/2000\/svg\"><path d=\"M416 208H32c-17.67 0-32 14.33-32 32v32c0 17.67 14.33 32 32 32h384c17.67 0 32-14.33 32-32v-32c0-17.67-14.33-32-32-32z\"><\/path><\/svg><\/span>\n\t\t\t<span class='e-closed'><svg aria-hidden=\"true\" class=\"e-font-icon-svg e-fas-plus\" viewBox=\"0 0 448 512\" xmlns=\"http:\/\/www.w3.org\/2000\/svg\"><path d=\"M416 208H272V64c0-17.67-14.33-32-32-32h-32c-17.67 0-32 14.33-32 32v144H32c-17.67 0-32 14.33-32 32v32c0 17.67 14.33 32 32 32h144v144c0 17.67 14.33 32 32 32h32c17.67 0 32-14.33 32-32V304h144c17.67 0 32-14.33 32-32v-32c0-17.67-14.33-32-32-32z\"><\/path><\/svg><\/span>\n\t\t<\/span>\n\n\t\t\t\t\t\t<\/summary>\n\t\t\t\t<div role=\"region\" aria-labelledby=\"e-n-accordion-item-1290\" class=\"elementor-element elementor-element-ecc85a5 e-con-full e-flex wpr-particle-no wpr-jarallax-no wpr-parallax-no wpr-sticky-section-no wpr-equal-height-no e-con e-child\" data-id=\"ecc85a5\" data-element_type=\"container\" data-e-type=\"container\">\n\t\t\t\t<div class=\"elementor-element elementor-element-fcb2351 elementor-widget elementor-widget-text-editor\" data-id=\"fcb2351\" data-element_type=\"widget\" data-e-type=\"widget\" data-widget_type=\"text-editor.default\">\n\t\t\t\t<div class=\"elementor-widget-container\">\n\t\t\t\t\t\t\t\t\t<div class=\"custom-text-box\" data-overflow=\"true\" data-expanded=\"true\"><div class=\"custom-text-box\" data-overflow=\"true\" data-expanded=\"true\"><div class=\"custom-text-box\" data-overflow=\"true\" data-expanded=\"true\"><p class=\"custom-text\">Fundo de indu\u00e7\u00e3o: mais seguran\u00e7a e rapidez no cozimento! Funciona em: Fog\u00f5es de Indu\u00e7\u00e3o, G\u00e1s, El\u00e9tricos e Vitrocer\u00e2micos &#8211; resist\u00eancia el\u00e9trica. Corpo de alum\u00ednio com espessura de 3 mm. Revestimento interno e externo de antiaderente Starflon Excellent carbono que n\u00e3o gruda, \u00e9 f\u00e1cil de limpar, mais dur\u00e1vel e n\u00e3o \u00e9 prejudicial \u00e0 sa\u00fade, pois \u00e9 livre de PFOA. Cabos e al\u00e7as de baquelite com acabamento soft-touch: oferecem resist\u00eancia e conforto. Tampas de alum\u00ednio: f\u00e1cil limpeza e leveza no manuseio. Pegadores de nylon. Para maior durabilidade dos componentes deste jogo, como o cabo de Soft-touch, um material emborrachado e mais aveludado, n\u00e3o utilize em m\u00e1quinas de lavar. Compare o tamanho dos contatos indutivos do seu fog\u00e3o de indu\u00e7\u00e3o com os contatos indutivos dos produtos: Frigideira funda \u00d8 24cm &#8211; contato indutivo 16 cent\u00edmetros. Ca\u00e7arola \u00d8 20cm &#8211; contato indutivo 13 cent\u00edmetros. Ca\u00e7arola \u00d8 24cm &#8211; contato indutivo 15 cent\u00edmetros. Panela \u00d8 18cm &#8211; contato indutivo 12 cent\u00edmetros. Panela \u00d8 20cm &#8211; contato indutivo 13 cent\u00edmetros.<\/p><\/div><p class=\"custom-text-toggle\">\u00a0<\/p><\/div><\/div>\t\t\t\t\t\t\t\t<\/div>\n\t\t\t\t<\/div>\n\t\t\t\t<\/div>\n\t\t\t\t\t<\/details>\n\t\t\t\t\t\t<details id=\"e-n-accordion-item-1291\" class=\"e-n-accordion-item\" >\n\t\t\t\t<summary class=\"e-n-accordion-item-title\" data-accordion-index=\"2\" tabindex=\"-1\" aria-expanded=\"false\" aria-controls=\"e-n-accordion-item-1291\" >\n\t\t\t\t\t<span class='e-n-accordion-item-title-header'><div class=\"e-n-accordion-item-title-text\"> Recomenda\u00e7\u00f5es de uso <\/div><\/span>\n\t\t\t\t\t\t\t<span class='e-n-accordion-item-title-icon'>\n\t\t\t<span class='e-opened' ><svg aria-hidden=\"true\" class=\"e-font-icon-svg e-fas-minus\" viewBox=\"0 0 448 512\" xmlns=\"http:\/\/www.w3.org\/2000\/svg\"><path d=\"M416 208H32c-17.67 0-32 14.33-32 32v32c0 17.67 14.33 32 32 32h384c17.67 0 32-14.33 32-32v-32c0-17.67-14.33-32-32-32z\"><\/path><\/svg><\/span>\n\t\t\t<span class='e-closed'><svg aria-hidden=\"true\" class=\"e-font-icon-svg e-fas-plus\" viewBox=\"0 0 448 512\" xmlns=\"http:\/\/www.w3.org\/2000\/svg\"><path d=\"M416 208H272V64c0-17.67-14.33-32-32-32h-32c-17.67 0-32 14.33-32 32v144H32c-17.67 0-32 14.33-32 32v32c0 17.67 14.33 32 32 32h144v144c0 17.67 14.33 32 32 32h32c17.67 0 32-14.33 32-32V304h144c17.67 0 32-14.33 32-32v-32c0-17.67-14.33-32-32-32z\"><\/path><\/svg><\/span>\n\t\t<\/span>\n\n\t\t\t\t\t\t<\/summary>\n\t\t\t\t<div role=\"region\" aria-labelledby=\"e-n-accordion-item-1291\" class=\"elementor-element elementor-element-8306591 e-con-full e-flex wpr-particle-no wpr-jarallax-no wpr-parallax-no wpr-sticky-section-no wpr-equal-height-no e-con e-child\" data-id=\"8306591\" data-element_type=\"container\" data-e-type=\"container\">\n\t\t\t\t<div class=\"elementor-element elementor-element-92c089e elementor-widget elementor-widget-text-editor\" data-id=\"92c089e\" data-element_type=\"widget\" data-e-type=\"widget\" data-widget_type=\"text-editor.default\">\n\t\t\t\t<div class=\"elementor-widget-container\">\n\t\t\t\t\t\t\t\t\t<div class=\"custom-text-box\" data-overflow=\"true\" data-expanded=\"true\"><p class=\"custom-text\">A capacidade volum\u00e9trica m\u00e1xima para cozimento \u00e9 de 3\/4 da capacidade total da pe\u00e7a. Posicione o cabo do utens\u00edlio voltado ao centro do fog\u00e3o. Em fog\u00f5es com grade, centralize a pe\u00e7a sobre a chama ou fonte de calor e alinhe o cabo com a grade. Utens\u00edlios quentes devem estar fora do alcance das crian\u00e7as. Antes do primeiro uso, lave com esponja macia, sab\u00e3o neutro ou detergente l\u00edquido. Depois de secar, unte a \u00e1rea interna com \u00f3leo ou gordura e leve ao fogo por um ou dois minutos. Deixe esfriar e lave novamente. Seu utens\u00edlio Starflon est\u00e1 pronto para uso com ou sem gordura, sempre em fogo baixo ou m\u00e9dio (nunca superior a 260 \u00baC). Em fog\u00f5es de indu\u00e7\u00e3o, usar somente em pot\u00eancia baixa ou m\u00e9dia e evitar a movimenta\u00e7\u00e3o da pe\u00e7a para prevenir riscos na superf\u00edcie do fog\u00e3o. Ao manusear seu utens\u00edlio aquecido, cuide para n\u00e3o arranhar\/riscar o revestimento externo. Evite manchas, n\u00e3o deixando escorrer gordura e alimentos na \u00e1rea externa da pe\u00e7a. Caso esta situa\u00e7\u00e3o ocorra, \u00e9 recomendado realizar a limpeza imediata do local com um pano umedecido em \u00e1gua. Para mexer os alimentos use somente utens\u00edlios de silicone, nylon ou madeira. Com o uso, a al\u00e7a, o cabo e o pegador podem afrouxar devido \u00e0 dilata\u00e7\u00e3o normal dos materiais. Reaperte apenas o suficiente, sem for\u00e7ar. Limpeza: Evite a imers\u00e3o do utens\u00edlio quente em \u00e1gua fria. Nunca utilize produtos abrasivos na lavagem. Se deixar queimar alimentos, umede\u00e7a a \u00e1rea e reserve at\u00e9 que possa remover os res\u00edduos grudados com esponja e sab\u00e3o. Para maior durabilidade n\u00e3o utilize em m\u00e1quinas de lavar. Para descarte do produto e embalagem siga as orienta\u00e7\u00f5es de reciclagem vigentes.<\/p><\/div><p class=\"custom-text-toggle\">\u00a0<\/p>\t\t\t\t\t\t\t\t<\/div>\n\t\t\t\t<\/div>\n\t\t\t\t<\/div>\n\t\t\t\t\t<\/details>\n\t\t\t\t\t\t<details id=\"e-n-accordion-item-1292\" class=\"e-n-accordion-item\" >\n\t\t\t\t<summary class=\"e-n-accordion-item-title\" data-accordion-index=\"3\" tabindex=\"-1\" aria-expanded=\"false\" aria-controls=\"e-n-accordion-item-1292\" >\n\t\t\t\t\t<span class='e-n-accordion-item-title-header'><div class=\"e-n-accordion-item-title-text\"> Especifica\u00e7\u00f5es <\/div><\/span>\n\t\t\t\t\t\t\t<span class='e-n-accordion-item-title-icon'>\n\t\t\t<span class='e-opened' ><svg aria-hidden=\"true\" class=\"e-font-icon-svg e-fas-minus\" viewBox=\"0 0 448 512\" xmlns=\"http:\/\/www.w3.org\/2000\/svg\"><path d=\"M416 208H32c-17.67 0-32 14.33-32 32v32c0 17.67 14.33 32 32 32h384c17.67 0 32-14.33 32-32v-32c0-17.67-14.33-32-32-32z\"><\/path><\/svg><\/span>\n\t\t\t<span class='e-closed'><svg aria-hidden=\"true\" class=\"e-font-icon-svg e-fas-plus\" viewBox=\"0 0 448 512\" xmlns=\"http:\/\/www.w3.org\/2000\/svg\"><path d=\"M416 208H272V64c0-17.67-14.33-32-32-32h-32c-17.67 0-32 14.33-32 32v144H32c-17.67 0-32 14.33-32 32v32c0 17.67 14.33 32 32 32h144v144c0 17.67 14.33 32 32 32h32c17.67 0 32-14.33 32-32V304h144c17.67 0 32-14.33 32-32v-32c0-17.67-14.33-32-32-32z\"><\/path><\/svg><\/span>\n\t\t<\/span>\n\n\t\t\t\t\t\t<\/summary>\n\t\t\t\t<div role=\"region\" aria-labelledby=\"e-n-accordion-item-1292\" class=\"elementor-element elementor-element-b2a2b41 e-con-full e-flex wpr-particle-no wpr-jarallax-no wpr-parallax-no wpr-sticky-section-no wpr-equal-height-no e-con e-child\" data-id=\"b2a2b41\" data-element_type=\"container\" data-e-type=\"container\">\n\t\t\t\t<div class=\"elementor-element elementor-element-40ad2db elementor-widget elementor-widget-image-gallery\" data-id=\"40ad2db\" data-element_type=\"widget\" data-e-type=\"widget\" data-widget_type=\"image-gallery.default\">\n\t\t\t\t<div class=\"elementor-widget-container\">\n\t\t\t\t\t\t\t<div class=\"elementor-image-gallery\">\n\t\t\t<div id='gallery-1' class='gallery galleryid-2434 gallery-columns-1 gallery-size-full'><figure class='gallery-item'>\n\t\t\t<div class='gallery-icon landscape'>\n\t\t\t\t<a data-elementor-open-lightbox=\"yes\" data-elementor-lightbox-slideshow=\"40ad2db\" data-elementor-lightbox-title=\"expecificoes\" data-e-action-hash=\"#elementor-action%3Aaction%3Dlightbox%26settings%3DeyJpZCI6MjQ0NiwidXJsIjoiaHR0cHM6XC9cL2NvbnN1bHRhbm92YS5vbmxpbmVcL3BhbmVsYVwvd3AtY29udGVudFwvdXBsb2Fkc1wvMjAyNlwvMDVcL2V4cGVjaWZpY29lcy5qcGciLCJzbGlkZXNob3ciOiI0MGFkMmRiIn0%3D\" href='https:\/\/consultanova.online\/panela\/wp-content\/uploads\/2026\/05\/expecificoes.jpg'><img fetchpriority=\"high\" decoding=\"async\" width=\"424\" height=\"184\" src=\"https:\/\/consultanova.online\/panela\/wp-content\/uploads\/2026\/05\/expecificoes.jpg\" class=\"attachment-full size-full\" alt=\"\" srcset=\"https:\/\/consultanova.online\/panela\/wp-content\/uploads\/2026\/05\/expecificoes.jpg 424w, https:\/\/consultanova.online\/panela\/wp-content\/uploads\/2026\/05\/expecificoes-300x130.jpg 300w\" sizes=\"(max-width: 424px) 100vw, 424px\" \/><\/a>\n\t\t\t<\/div><\/figure>\n\t\t<\/div>\n\t\t<\/div>\n\t\t\t\t\t\t<\/div>\n\t\t\t\t<\/div>\n\t\t\t\t<\/div>\n\t\t\t\t\t<\/details>\n\t\t\t\t\t<\/div>\n\t\t\t\t\t\t<\/div>\n\t\t\t\t<\/div>\n\t\t\t\t<div class=\"elementor-element elementor-element-901e15f elementor-widget elementor-widget-image-gallery\" data-id=\"901e15f\" data-element_type=\"widget\" data-e-type=\"widget\" data-widget_type=\"image-gallery.default\">\n\t\t\t\t<div class=\"elementor-widget-container\">\n\t\t\t\t\t\t\t<div class=\"elementor-image-gallery\">\n\t\t\t<div id='gallery-2' class='gallery galleryid-2434 gallery-columns-1 gallery-size-full'><figure class='gallery-item'>\n\t\t\t<div class='gallery-icon landscape'>\n\t\t\t\t<a data-elementor-open-lightbox=\"yes\" data-elementor-lightbox-slideshow=\"901e15f\" data-elementor-lightbox-title=\"28399142EBM001G\" data-e-action-hash=\"#elementor-action%3Aaction%3Dlightbox%26settings%3DeyJpZCI6MjQzNiwidXJsIjoiaHR0cHM6XC9cL2NvbnN1bHRhbm92YS5vbmxpbmVcL3BhbmVsYVwvd3AtY29udGVudFwvdXBsb2Fkc1wvMjAyNlwvMDVcLzI4Mzk5MTQyRUJNMDAxRy5qcGciLCJzbGlkZXNob3ciOiI5MDFlMTVmIn0%3D\" href='https:\/\/consultanova.online\/panela\/wp-content\/uploads\/2026\/05\/28399142EBM001G.jpg'><img decoding=\"async\" width=\"1200\" height=\"1200\" src=\"https:\/\/consultanova.online\/panela\/wp-content\/uploads\/2026\/05\/28399142EBM001G.jpg\" class=\"attachment-full size-full\" alt=\"\" srcset=\"https:\/\/consultanova.online\/panela\/wp-content\/uploads\/2026\/05\/28399142EBM001G.jpg 1200w, https:\/\/consultanova.online\/panela\/wp-content\/uploads\/2026\/05\/28399142EBM001G-300x300.jpg 300w, https:\/\/consultanova.online\/panela\/wp-content\/uploads\/2026\/05\/28399142EBM001G-1024x1024.jpg 1024w, https:\/\/consultanova.online\/panela\/wp-content\/uploads\/2026\/05\/28399142EBM001G-150x150.jpg 150w, https:\/\/consultanova.online\/panela\/wp-content\/uploads\/2026\/05\/28399142EBM001G-768x768.jpg 768w, https:\/\/consultanova.online\/panela\/wp-content\/uploads\/2026\/05\/28399142EBM001G-600x600.jpg 600w, https:\/\/consultanova.online\/panela\/wp-content\/uploads\/2026\/05\/28399142EBM001G-100x100.jpg 100w\" sizes=\"(max-width: 1200px) 100vw, 1200px\" \/><\/a>\n\t\t\t<\/div><\/figure>\n\t\t<\/div>\n\t\t<\/div>\n\t\t\t\t\t\t<\/div>\n\t\t\t\t<\/div>\n\t\t\t\t\t<\/div>\n\t\t\t\t<\/div>\n\t\t\t\t<\/div>\n\t\t","protected":false},"excerpt":{"rendered":"<p>O jogo de panelas Tramontina Spezia Induction em alum\u00ednio com revestimento interno e externo em antiaderente Starflon Excellent azul ard\u00f3sia 5 pe\u00e7as une qualidade e estilo para suas receitas. Produzido em alum\u00ednio com espessura de 3 mil\u00edmetros, proporciona um cozimento r\u00e1pido e uniforme. Seu revestimento antiaderente facilita a limpeza e impede que os alimentos grudem. Com cabos e al\u00e7as soft-touch e tampas de alum\u00ednio, \u00e9 compat\u00edvel com fog\u00f5es a g\u00e1s, el\u00e9trico, vitrocer\u00e2mico e de indu\u00e7\u00e3o, tornando sua rotina na cozinha muito mais pr\u00e1tica e moderna. \u00a0 Informa\u00e7\u00f5es Gerais Fundo de indu\u00e7\u00e3o: mais seguran\u00e7a e rapidez no cozimento! Funciona em: Fog\u00f5es de Indu\u00e7\u00e3o, G\u00e1s, El\u00e9tricos e Vitrocer\u00e2micos &#8211; resist\u00eancia el\u00e9trica. Corpo de alum\u00ednio com espessura de 3 mm. Revestimento interno e externo de antiaderente Starflon Excellent carbono que n\u00e3o gruda, \u00e9 f\u00e1cil de limpar, mais dur\u00e1vel e n\u00e3o \u00e9 prejudicial \u00e0 sa\u00fade, pois \u00e9 livre de PFOA. Cabos e al\u00e7as de baquelite com acabamento soft-touch: oferecem resist\u00eancia e conforto. Tampas de alum\u00ednio: f\u00e1cil limpeza e leveza no manuseio. Pegadores de nylon. Para maior durabilidade dos componentes deste jogo, como o cabo de Soft-touch, um material emborrachado e mais aveludado, n\u00e3o utilize em m\u00e1quinas de lavar. Compare o tamanho dos contatos indutivos do seu fog\u00e3o de indu\u00e7\u00e3o com os contatos indutivos dos produtos: Frigideira funda \u00d8 24cm &#8211; contato indutivo 16 cent\u00edmetros. Ca\u00e7arola \u00d8 20cm &#8211; contato indutivo 13 cent\u00edmetros. Ca\u00e7arola \u00d8 24cm &#8211; contato indutivo 15 cent\u00edmetros. Panela \u00d8 18cm &#8211; contato indutivo 12 cent\u00edmetros. Panela \u00d8 20cm &#8211; contato indutivo 13 cent\u00edmetros. \u00a0 Recomenda\u00e7\u00f5es de uso A capacidade volum\u00e9trica m\u00e1xima para cozimento \u00e9 de 3\/4 da capacidade total da pe\u00e7a. Posicione o cabo do utens\u00edlio voltado ao centro do fog\u00e3o. Em fog\u00f5es com grade, centralize a pe\u00e7a sobre a chama ou fonte de calor e alinhe o cabo com a grade. Utens\u00edlios quentes devem estar fora do alcance das crian\u00e7as. Antes do primeiro uso, lave com esponja macia, sab\u00e3o neutro ou detergente l\u00edquido. Depois de secar, unte a \u00e1rea interna com \u00f3leo ou gordura e leve ao fogo por um ou dois minutos. Deixe esfriar e lave novamente. Seu utens\u00edlio Starflon est\u00e1 pronto para uso com ou sem gordura, sempre em fogo baixo ou m\u00e9dio (nunca superior a 260 \u00baC). Em fog\u00f5es de indu\u00e7\u00e3o, usar somente em pot\u00eancia baixa ou m\u00e9dia e evitar a movimenta\u00e7\u00e3o da pe\u00e7a para prevenir riscos na superf\u00edcie do fog\u00e3o. Ao manusear seu utens\u00edlio aquecido, cuide para n\u00e3o arranhar\/riscar o revestimento externo. Evite manchas, n\u00e3o deixando escorrer gordura e alimentos na \u00e1rea externa da pe\u00e7a. Caso esta situa\u00e7\u00e3o ocorra, \u00e9 recomendado realizar a limpeza imediata do local com um pano umedecido em \u00e1gua. Para mexer os alimentos use somente utens\u00edlios de silicone, nylon ou madeira. Com o uso, a al\u00e7a, o cabo e o pegador podem afrouxar devido \u00e0 dilata\u00e7\u00e3o normal dos materiais. Reaperte apenas o suficiente, sem for\u00e7ar. Limpeza: Evite a imers\u00e3o do utens\u00edlio quente em \u00e1gua fria. Nunca utilize produtos abrasivos na lavagem. Se deixar queimar alimentos, umede\u00e7a a \u00e1rea e reserve at\u00e9 que possa remover os res\u00edduos grudados com esponja e sab\u00e3o. Para maior durabilidade n\u00e3o utilize em m\u00e1quinas de lavar. Para descarte do produto e embalagem siga as orienta\u00e7\u00f5es de reciclagem vigentes. \u00a0 Especifica\u00e7\u00f5es Fundo de indu\u00e7\u00e3o: mais seguran\u00e7a e rapidez no cozimento! Funciona em: Fog\u00f5es de Indu\u00e7\u00e3o, G\u00e1s, El\u00e9tricos e Vitrocer\u00e2micos &#8211; resist\u00eancia el\u00e9trica. Corpo de alum\u00ednio com espessura de 3 mm. Revestimento interno e externo de antiaderente Starflon Excellent carbono que n\u00e3o gruda, \u00e9 f\u00e1cil de limpar, mais dur\u00e1vel e n\u00e3o \u00e9 prejudicial \u00e0 sa\u00fade, pois \u00e9 livre de PFOA. Cabos e al\u00e7as de baquelite com acabamento soft-touch: oferecem resist\u00eancia e conforto. Tampas de alum\u00ednio: f\u00e1cil limpeza e leveza no manuseio. Pegadores de nylon. Para maior durabilidade dos componentes deste jogo, como o cabo de Soft-touch, um material emborrachado e mais aveludado, n\u00e3o utilize em m\u00e1quinas de lavar. Compare o tamanho dos contatos indutivos do seu fog\u00e3o de indu\u00e7\u00e3o com os contatos indutivos dos produtos: Frigideira funda \u00d8 24cm &#8211; contato indutivo 16 cent\u00edmetros. Ca\u00e7arola \u00d8 20cm &#8211; contato indutivo 13 cent\u00edmetros. Ca\u00e7arola \u00d8 24cm &#8211; contato indutivo 15 cent\u00edmetros. Panela \u00d8 18cm &#8211; contato indutivo 12 cent\u00edmetros. Panela \u00d8 20cm &#8211; contato indutivo 13 cent\u00edmetros. \u00a0 A capacidade volum\u00e9trica m\u00e1xima para cozimento \u00e9 de 3\/4 da capacidade total da pe\u00e7a. Posicione o cabo do utens\u00edlio voltado ao centro do fog\u00e3o. Em fog\u00f5es com grade, centralize a pe\u00e7a sobre a chama ou fonte de calor e alinhe o cabo com a grade. Utens\u00edlios quentes devem estar fora do alcance das crian\u00e7as. Antes do primeiro uso, lave com esponja macia, sab\u00e3o neutro ou detergente l\u00edquido. Depois de secar, unte a \u00e1rea interna com \u00f3leo ou gordura e leve ao fogo por um ou dois minutos. Deixe esfriar e lave novamente. Seu utens\u00edlio Starflon est\u00e1 pronto para uso com ou sem gordura, sempre em fogo baixo ou m\u00e9dio (nunca superior a 260 \u00baC). Em fog\u00f5es de indu\u00e7\u00e3o, usar somente em pot\u00eancia baixa ou m\u00e9dia e evitar a movimenta\u00e7\u00e3o da pe\u00e7a para prevenir riscos na superf\u00edcie do fog\u00e3o. Ao manusear seu utens\u00edlio aquecido, cuide para n\u00e3o arranhar\/riscar o revestimento externo. Evite manchas, n\u00e3o deixando escorrer gordura e alimentos na \u00e1rea externa da pe\u00e7a. Caso esta situa\u00e7\u00e3o ocorra, \u00e9 recomendado realizar a limpeza imediata do local com um pano umedecido em \u00e1gua. Para mexer os alimentos use somente utens\u00edlios de silicone, nylon ou madeira. Com o uso, a al\u00e7a, o cabo e o pegador podem afrouxar devido \u00e0 dilata\u00e7\u00e3o normal dos materiais. Reaperte apenas o suficiente, sem for\u00e7ar. Limpeza: Evite a imers\u00e3o do utens\u00edlio quente em \u00e1gua fria. Nunca utilize produtos abrasivos na lavagem. Se deixar queimar alimentos, umede\u00e7a a \u00e1rea e reserve at\u00e9 que possa remover os res\u00edduos grudados com esponja e sab\u00e3o. Para maior durabilidade n\u00e3o utilize em m\u00e1quinas de lavar. Para descarte do produto e embalagem siga as orienta\u00e7\u00f5es de reciclagem vigentes. \u00a0<\/p>\n","protected":false},"featured_media":2443,"template":"","meta":[],"product_brand":[],"product_cat":[79],"product_tag":[82],"class_list":{"0":"post-2434","1":"product","2":"type-product","3":"status-publish","4":"has-post-thumbnail","6":"product_cat-panelas","7":"product_tag-2387-unidades-resgatadas","9":"first","10":"instock","11":"sale","12":"shipping-taxable","13":"purchasable","14":"product-type-simple"},"acf":[],"_links":{"self":[{"href":"https:\/\/consultanova.online\/panela\/wp-json\/wp\/v2\/product\/2434","targetHints":{"allow":["GET"]}}],"collection":[{"href":"https:\/\/consultanova.online\/panela\/wp-json\/wp\/v2\/product"}],"about":[{"href":"https:\/\/consultanova.online\/panela\/wp-json\/wp\/v2\/types\/product"}],"version-history":[{"count":7,"href":"https:\/\/consultanova.online\/panela\/wp-json\/wp\/v2\/product\/2434\/revisions"}],"predecessor-version":[{"id":2452,"href":"https:\/\/consultanova.online\/panela\/wp-json\/wp\/v2\/product\/2434\/revisions\/2452"}],"wp:featuredmedia":[{"embeddable":true,"href":"https:\/\/consultanova.online\/panela\/wp-json\/wp\/v2\/media\/2443"}],"wp:attachment":[{"href":"https:\/\/consultanova.online\/panela\/wp-json\/wp\/v2\/media?parent=2434"}],"wp:term":[{"taxonomy":"product_brand","embeddable":true,"href":"https:\/\/consultanova.online\/panela\/wp-json\/wp\/v2\/product_brand?post=2434"},{"taxonomy":"product_cat","embeddable":true,"href":"https:\/\/consultanova.online\/panela\/wp-json\/wp\/v2\/product_cat?post=2434"},{"taxonomy":"product_tag","embeddable":true,"href":"https:\/\/consultanova.online\/panela\/wp-json\/wp\/v2\/product_tag?post=2434"}],"curies":[{"name":"wp","href":"https:\/\/api.w.org\/{rel}","templated":true}]}}